{"id":296,"date":"2024-06-12T12:02:17","date_gmt":"2024-06-12T12:02:17","guid":{"rendered":"https:\/\/escuelainglesa.es\/delmethodapp\/?page_id=296"},"modified":"2025-03-24T10:33:06","modified_gmt":"2025-03-24T10:33:06","slug":"examenes-oficiales","status":"publish","type":"page","link":"https:\/\/escuelainglesa.es\/delmethodapp\/examenes-oficiales\/","title":{"rendered":"Ex\u00e1menes Oficiales"},"content":{"rendered":"<div class=\"wpb-content-wrapper\"><p>[vc_row full_width=&#8221;stretch_row_content_no_spaces&#8221; woodmart_css_id=&#8221;662f89530f3e7&#8243; responsive_spacing=&#8221;eyJwYXJhbV90eXBlIjoid29vZG1hcnRfcmVzcG9uc2l2ZV9zcGFjaW5nIiwic2VsZWN0b3JfaWQiOiI2NjJmODk1MzBmM2U3Iiwic2hvcnRjb2RlIjoidmNfcm93IiwiZGF0YSI6eyJ0YWJsZXQiOnt9LCJtb2JpbGUiOnt9fX0=&#8221; mobile_bg_img_hidden=&#8221;no&#8221; tablet_bg_img_hidden=&#8221;no&#8221; woodmart_parallax=&#8221;0&#8243; woodmart_gradient_switch=&#8221;no&#8221; woodmart_box_shadow=&#8221;no&#8221; wd_z_index=&#8221;no&#8221; woodmart_disable_overflow=&#8221;0&#8243; row_reverse_mobile=&#8221;0&#8243; row_reverse_tablet=&#8221;0&#8243; css=&#8221;.vc_custom_1714391383581{margin-top: -70px !important;}&#8221;][vc_column][\/vc_column][\/vc_row][vc_row][vc_column][vc_empty_space woodmart_hide_large=&#8221;0&#8243; woodmart_hide_medium=&#8221;0&#8243; woodmart_hide_small=&#8221;0&#8243;]\t\t\t<link rel=\"stylesheet\" id=\"wd-section-title-css\" href=\"https:\/\/escuelainglesa.es\/delmethodapp\/wp-content\/themes\/woodmart\/css\/parts\/el-section-title.min.css?ver=7.3.3\" type=\"text\/css\" media=\"all\" \/> \t\t\t\t\t\t<link rel=\"stylesheet\" id=\"wd-mod-highlighted-text-css\" href=\"https:\/\/escuelainglesa.es\/delmethodapp\/wp-content\/themes\/woodmart\/css\/parts\/mod-highlighted-text.min.css?ver=7.3.3\" type=\"text\/css\" media=\"all\" \/> \t\t\t\n\t\t<div id=\"wd-66698ce1c2c57\" class=\"title-wrapper wd-wpb set-mb-s reset-last-child  wd-rs-66698ce1c2c57 wd-title-color-default wd-title-style-default text-left  wd-underline-colored\">\n\t\t\t\n\t\t\t<div class=\"liner-continer\">\n\t\t\t\t<h4 class=\"woodmart-title-container title  wd-font-weight- wd-fontsize-xxxl\" >Prep\u00e1rate para Ex\u00e1menes Oficiales<\/h4>\n\t\t\t\t\t\t\t<\/div>\n\t\t\t\n\t\t\t\n\t\t\t\n\t\t<\/div>\n\t\t\n\t\t[vc_column_text css=&#8221;&#8221; woodmart_inline=&#8221;no&#8221; text_larger=&#8221;no&#8221;]Estudios sobre c\u00f3mo el cerebro procesa los sonidos y las estructuras del lenguaje informan el desarrollo de m\u00e9todos de ense\u00f1anza en el m\u00e9todo DEL. Este m\u00e9todo aborda espec\u00edficamente las dificultades comunes que enfrentan los estudiantes de ingl\u00e9s, mejorando su comprensi\u00f3n y producci\u00f3n del idioma.<\/p>\n<p>En la aplicaci\u00f3n del m\u00e9todo DEL, se reconoce la importancia de certificar oficialmente el nivel de ingl\u00e9s de los estudiantes a nivel internacional. Por esta raz\u00f3n, el m\u00e9todo permite a los alumnos practicar con modelos de ex\u00e1menes creados espec\u00edficamente por la docente Mrs. Foreman, la creadora del m\u00e9todo, quien los guiar\u00e1 en todo el proceso de aprendizaje.<\/p>\n<h3>Importancia de la Certificaci\u00f3n Internacional<\/h3>\n<p>Certificar el nivel de ingl\u00e9s de los estudiantes a nivel internacional es crucial para:<\/p>\n<ul>\n<li>Oportunidades Acad\u00e9micas: Muchas universidades y programas de estudio en el extranjero requieren una certificaci\u00f3n oficial del nivel de ingl\u00e9s.<\/li>\n<li>Desarrollo Profesional: Tener una certificaci\u00f3n reconocida internacionalmente puede abrir puertas a mejores oportunidades laborales y de carrera.<\/li>\n<li>Confianza y Reconocimiento: Obtener una certificaci\u00f3n oficial proporciona una validaci\u00f3n formal del dominio del idioma, aumentando la confianza del estudiante y el reconocimiento de su competencia.<\/li>\n<\/ul>\n<p>[\/vc_column_text][vc_column_text css=&#8221;&#8221; woodmart_inline=&#8221;no&#8221; text_larger=&#8221;no&#8221;]<\/p>\n<h3>Modelos de Ex\u00e1menes Oficiales<\/h3>\n<p>La aplicaci\u00f3n del m\u00e9todo DEL incluye modelos de ex\u00e1menes oficiales dise\u00f1ados para preparar a los estudiantes para las pruebas m\u00e1s reconocidas a nivel internacional, tales como:<\/p>\n<ul>\n<li>Cambridge English Exams: KET, PET, FCE, CAE, CPE<\/li>\n<li>APTIS<\/li>\n<li>TOEFL<\/li>\n<li>IELTS<\/li>\n<li>TOEIC<\/li>\n<\/ul>\n<p>[\/vc_column_text][vc_column_text css=&#8221;&#8221; woodmart_inline=&#8221;no&#8221; text_larger=&#8221;no&#8221;]<\/p>\n<h3>Creaci\u00f3n de los Modelos de Ex\u00e1menes<\/h3>\n<p>Los modelos de ex\u00e1menes en el m\u00e9todo DEL son creados por Mrs. Foreman, una docente experta en ense\u00f1anza del ingl\u00e9s y la creadora del m\u00e9todo. Estos<br \/>\nmodelos est\u00e1n dise\u00f1ados para replicar el formato y el tipo de preguntas que se encuentran en los ex\u00e1menes oficiales, asegurando que los estudiantes est\u00e9n bien preparados para:<\/p>\n<ul>\n<li>Comprensi\u00f3n Lectora: Lectura y an\u00e1lisis de textos.<\/li>\n<li>Expresi\u00f3n Escrita: Redacci\u00f3n de ensayos y textos formales.<\/li>\n<li>Comprensi\u00f3n Auditiva: Escucha y comprensi\u00f3n de conversaciones y discursos.<\/li>\n<li>Expresi\u00f3n Oral: Hablar en ingl\u00e9s de manera fluida y coherente.<\/li>\n<\/ul>\n<p>[\/vc_column_text][vc_column_text css=&#8221;&#8221; woodmart_inline=&#8221;no&#8221; text_larger=&#8221;no&#8221;]<\/p>\n<h3>Gu\u00eda y Acompa\u00f1amiento Personalizado<\/h3>\n<p>Mrs. Foreman no solo crea los modelos de ex\u00e1menes, sino que tambi\u00e9n gu\u00eda a los estudiantes en todo el proceso de aprendizaje:<\/p>\n<ul>\n<li>Retroalimentaci\u00f3n Continua: Proporciona comentarios detallados sobre el desempe\u00f1o del estudiante, identificando \u00e1reas de mejora.<\/li>\n<li>Motivaci\u00f3n y Apoyo: Acompa\u00f1a a los estudiantes, brind\u00e1ndoles el apoyo y la motivaci\u00f3n necesarios para alcanzar sus metas de certificaci\u00f3n.<\/li>\n<\/ul>\n<p>[\/vc_column_text][vc_empty_space woodmart_hide_large=&#8221;0&#8243; woodmart_hide_medium=&#8221;0&#8243; woodmart_hide_small=&#8221;0&#8243;][vc_column_text css=&#8221;&#8221; woodmart_inline=&#8221;no&#8221; text_larger=&#8221;no&#8221;]<\/p>\n<h3>Beneficios del M\u00e9todo DEL<\/h3>\n<p>[\/vc_column_text][vc_row_inner][vc_column_inner width=&#8221;1\/3&#8243; woodmart_css_id=&#8221;6669828d5ed00&#8243; parallax_scroll=&#8221;no&#8221; woodmart_sticky_column=&#8221;false&#8221; wd_collapsible_content_switcher=&#8221;no&#8221; wd_column_role_offcanvas_desktop=&#8221;no&#8221; wd_column_role_offcanvas_tablet=&#8221;no&#8221; wd_column_role_offcanvas_mobile=&#8221;no&#8221; wd_column_role_content_desktop=&#8221;no&#8221; wd_column_role_content_tablet=&#8221;no&#8221; wd_column_role_content_mobile=&#8221;no&#8221; mobile_bg_img_hidden=&#8221;no&#8221; tablet_bg_img_hidden=&#8221;no&#8221; woodmart_parallax=&#8221;0&#8243; woodmart_box_shadow=&#8221;no&#8221; responsive_spacing=&#8221;eyJwYXJhbV90eXBlIjoid29vZG1hcnRfcmVzcG9uc2l2ZV9zcGFjaW5nIiwic2VsZWN0b3JfaWQiOiI2NjY5ODI4ZDVlZDAwIiwic2hvcnRjb2RlIjoidmNfY29sdW1uX2lubmVyIiwiZGF0YSI6eyJ0YWJsZXQiOnt9LCJtb2JpbGUiOnt9fX0=&#8221; wd_z_index=&#8221;no&#8221;]\t\t\t<link rel=\"stylesheet\" id=\"wd-info-box-css\" href=\"https:\/\/escuelainglesa.es\/delmethodapp\/wp-content\/themes\/woodmart\/css\/parts\/el-info-box.min.css?ver=7.3.3\" type=\"text\/css\" media=\"all\" \/> \t\t\t\t\t\t<link rel=\"stylesheet\" id=\"wd-info-box-style-shadow-and-bg-hover-css\" href=\"https:\/\/escuelainglesa.es\/delmethodapp\/wp-content\/themes\/woodmart\/css\/parts\/el-info-box-style-shadow-and-bg-hover.min.css?ver=7.3.3\" type=\"text\/css\" media=\"all\" \/> \t\t\t\t\t\t<div class=\"info-box-wrapper\">\n\t\t\t\t<div id=\"wd-66698e1fcf81c\" class=\" wd-rs-66698e1fcf81c wd-info-box wd-wpb text-left box-icon-align-top box-style-shadow color-scheme- wd-bg-none vc_custom_1718193736213\"  >\n\t\t\t\t\t\t\t\t\t\t\t<div class=\"box-icon-wrapper  box-with-text text-size-default box-icon-simple\">\n\t\t\t\t\t\t\t<div class=\"info-box-icon\">\n\n\t\t\t\t\t\t\t\t\t\t\t\t\t\t\t01.\t\t\t\t\t\t\t\n\t\t\t\t\t\t\t<\/div>\n\t\t\t\t\t\t<\/div>\n\t\t\t\t\t\t\t\t\t\t<div class=\"info-box-content\">\n\t\t\t\t\t\t<h2 class=\"info-box-title title box-title-style-default wd-fontsize-m\">Preparaci\u00f3n Integral<\/h2>\t\t\t\t\t\t<div class=\"info-box-inner set-cont-mb-s reset-last-child\"><\/p>\n<ul>\n<li>Los estudiantes practican con modelos de ex\u00e1menes que reflejan fielmente los est\u00e1ndares de las pruebas oficiales.<\/li>\n<li>Las pr\u00e1cticas cubren todas las competencias ling\u00fc\u00edsticas evaluadas, garantizando una preparaci\u00f3n completa.<\/li>\n<\/ul>\n<p>\n<\/div>\n\n\t\t\t\t\t\t\t\t\t\t\t<\/div>\n\n\t\t\t\t\t<style><\/style>\t\t\t\t<\/div>\n\t\t\t<\/div>\n\t\t[\/vc_column_inner][vc_column_inner width=&#8221;1\/3&#8243;]\t\t\t<div class=\"info-box-wrapper\">\n\t\t\t\t<div id=\"wd-66698e545d6fb\" class=\" wd-rs-66698e545d6fb wd-info-box wd-wpb text-left box-icon-align-top box-style-shadow color-scheme- wd-bg-none vc_custom_1718193776308\"  >\n\t\t\t\t\t\t\t\t\t\t\t<div class=\"box-icon-wrapper  box-with-text text-size-default box-icon-simple\">\n\t\t\t\t\t\t\t<div class=\"info-box-icon\">\n\n\t\t\t\t\t\t\t\t\t\t\t\t\t\t\t02.\t\t\t\t\t\t\t\n\t\t\t\t\t\t\t<\/div>\n\t\t\t\t\t\t<\/div>\n\t\t\t\t\t\t\t\t\t\t<div class=\"info-box-content\">\n\t\t\t\t\t\t<h2 class=\"info-box-title title box-title-style-default wd-fontsize-m\">Enfoque Basado en la Neurociencia<\/h2>\t\t\t\t\t\t<div class=\"info-box-inner set-cont-mb-s reset-last-child\"><p>Las t\u00e9cnicas utilizadas optimizan el aprendizaje y la retenci\u00f3n, facilitando una preparaci\u00f3n m\u00e1s efectiva.<\/p>\n<\/div>\n\n\t\t\t\t\t\t\t\t\t\t\t<\/div>\n\n\t\t\t\t\t<style><\/style>\t\t\t\t<\/div>\n\t\t\t<\/div>\n\t\t[\/vc_column_inner][vc_column_inner width=&#8221;1\/3&#8243;]\t\t\t<div class=\"info-box-wrapper\">\n\t\t\t\t<div id=\"wd-66698e798914d\" class=\" wd-rs-66698e798914d wd-info-box wd-wpb text-left box-icon-align-top box-style-shadow color-scheme- wd-bg-none vc_custom_1718193819518\"  >\n\t\t\t\t\t\t\t\t\t\t\t<div class=\"box-icon-wrapper  box-with-text text-size-default box-icon-simple\">\n\t\t\t\t\t\t\t<div class=\"info-box-icon\">\n\n\t\t\t\t\t\t\t\t\t\t\t\t\t\t\t03.\t\t\t\t\t\t\t\n\t\t\t\t\t\t\t<\/div>\n\t\t\t\t\t\t<\/div>\n\t\t\t\t\t\t\t\t\t\t<div class=\"info-box-content\">\n\t\t\t\t\t\t<h2 class=\"info-box-title title box-title-style-default wd-fontsize-m\">Gamificaci\u00f3n y Motivaci\u00f3n<\/h2>\t\t\t\t\t\t<div class=\"info-box-inner set-cont-mb-s reset-last-child\"><\/p>\n<ul>\n<li>La inclusi\u00f3n de elementos de juego mantiene a los estudiantes motivados y comprometidos con su aprendizaje.<\/li>\n<li>Los desaf\u00edos y recompensas hacen que el proceso de preparaci\u00f3n sea m\u00e1s atractivo y menos estresante.<\/li>\n<\/ul>\n<p>\n<\/div>\n\n\t\t\t\t\t\t\t\t\t\t\t<\/div>\n\n\t\t\t\t\t<style><\/style>\t\t\t\t<\/div>\n\t\t\t<\/div>\n\t\t[\/vc_column_inner][\/vc_row_inner][vc_row_inner][vc_column_inner width=&#8221;1\/3&#8243; woodmart_css_id=&#8221;6669828d5ed00&#8243; parallax_scroll=&#8221;no&#8221; woodmart_sticky_column=&#8221;false&#8221; wd_collapsible_content_switcher=&#8221;no&#8221; wd_column_role_offcanvas_desktop=&#8221;no&#8221; wd_column_role_offcanvas_tablet=&#8221;no&#8221; wd_column_role_offcanvas_mobile=&#8221;no&#8221; wd_column_role_content_desktop=&#8221;no&#8221; wd_column_role_content_tablet=&#8221;no&#8221; wd_column_role_content_mobile=&#8221;no&#8221; mobile_bg_img_hidden=&#8221;no&#8221; tablet_bg_img_hidden=&#8221;no&#8221; woodmart_parallax=&#8221;0&#8243; woodmart_box_shadow=&#8221;no&#8221; responsive_spacing=&#8221;eyJwYXJhbV90eXBlIjoid29vZG1hcnRfcmVzcG9uc2l2ZV9zcGFjaW5nIiwic2VsZWN0b3JfaWQiOiI2NjY5ODI4ZDVlZDAwIiwic2hvcnRjb2RlIjoidmNfY29sdW1uX2lubmVyIiwiZGF0YSI6eyJ0YWJsZXQiOnt9LCJtb2JpbGUiOnt9fX0=&#8221; wd_z_index=&#8221;no&#8221;]\t\t\t<div class=\"info-box-wrapper\">\n\t\t\t\t<div id=\"wd-66698e9dc2e94\" class=\" wd-rs-66698e9dc2e94 wd-info-box wd-wpb text-left box-icon-align-top box-style-shadow color-scheme- wd-bg-none vc_custom_1718193866068\"  >\n\t\t\t\t\t\t\t\t\t\t\t<div class=\"box-icon-wrapper  box-with-text text-size-default box-icon-simple\">\n\t\t\t\t\t\t\t<div class=\"info-box-icon\">\n\n\t\t\t\t\t\t\t\t\t\t\t\t\t\t\t04.\t\t\t\t\t\t\t\n\t\t\t\t\t\t\t<\/div>\n\t\t\t\t\t\t<\/div>\n\t\t\t\t\t\t\t\t\t\t<div class=\"info-box-content\">\n\t\t\t\t\t\t<h2 class=\"info-box-title title box-title-style-default wd-fontsize-m\">Personalizaci\u00f3n del Aprendizaje<\/h2>\t\t\t\t\t\t<div class=\"info-box-inner set-cont-mb-s reset-last-child\"><\/p>\n<ul>\n<li>El m\u00e9todo se adapta a las necesidades individuales de cada estudiante, permitiendo un progreso a su propio ritmo.<\/li>\n<li>La gu\u00eda personalizada de Mrs. Foreman asegura que los estudiantes reciban el apoyo necesario para mejorar continuamente.<\/li>\n<\/ul>\n<p>\n<\/div>\n\n\t\t\t\t\t\t\t\t\t\t\t<\/div>\n\n\t\t\t\t\t<style><\/style>\t\t\t\t<\/div>\n\t\t\t<\/div>\n\t\t[\/vc_column_inner][vc_column_inner width=&#8221;2\/3&#8243;]\t\t\t<div class=\"info-box-wrapper\">\n\t\t\t\t<div id=\"wd-66698f4fc0da2\" class=\" wd-rs-66698f4fc0da2 wd-info-box wd-wpb text-left box-icon-align-left box-style-shadow color-scheme- wd-bg-none wd-items-top vc_custom_1718194016749\"  >\n\t\t\t\t\t\t\t\t\t\t<div class=\"info-box-content\">\n\t\t\t\t\t\t<h2 class=\"info-box-title title box-title-style-default wd-fontsize-m\">Alcanza tus objetivos Ling\u00fcisticos<\/h2>\t\t\t\t\t\t<div class=\"info-box-inner set-cont-mb-s reset-last-child\"><p>El m\u00e9todo DEL no solo prepara a los estudiantes para los ex\u00e1menes oficiales de ingl\u00e9s, sino que tambi\u00e9n les da la opci\u00f3n de asegurarse que puedan certificar su nivel a nivel internacional con confianza y \u00e9xito. Con modelos de ex\u00e1menes creados por la experta docente Mrs. Foreman y un enfoque personalizado y motivador, los estudiantes del m\u00e9todo DEL est\u00e1n equipados con las herramientas y el apoyo necesarios para alcanzar sus metas ling\u00fc\u00edsticas y acad\u00e9micas.<br \/>\nLa aplicaci\u00f3n del m\u00e9todo DEL no solo prepara a los estudiantes para los ex\u00e1menes oficiales de ingl\u00e9s, sino que lo hace de una manera que es cient\u00edficamente respaldada, motivadora y altamente efectiva. Con<br \/>\nacceso a modelos de ex\u00e1menes como KET, PET, FCE, CAE, CPE, APTIS, TOEFL, IELTS y TOEIC, los estudiantes pueden enfrentar sus pruebas con confianza y alcanzar sus objetivos ling\u00fc\u00edsticos en<br \/>\ncualquier etapa de su vida.<\/p>\n<\/div>\n\n\t\t\t\t\t\t\t\t\t\t\t<\/div>\n\n\t\t\t\t\t<style><\/style>\t\t\t\t<\/div>\n\t\t\t<\/div>\n\t\t[\/vc_column_inner][\/vc_row_inner][\/vc_column][\/vc_row]<\/p>\n<\/div>","protected":false},"excerpt":{"rendered":"<p>[vc_row full_width=&#8221;stretch_row_content_no_spaces&#8221; woodmart_css_id=&#8221;662f89530f3e7&#8243; responsive_spacing=&#8221;eyJwYXJhbV90eXBlIjoid29vZG1hcnRfcmVzcG9uc2l2ZV9zcGFjaW5nIiwic2VsZWN0b3JfaWQiOiI2NjJmODk1MzBmM2U3Iiwic2hvcnRjb2RlIjoidmNfcm93IiwiZGF0YSI6eyJ0YWJsZXQiOnt9LCJtb2JpbGUiOnt9fX0=&#8221; mobile_bg_img_hidden=&#8221;no&#8221; tablet_bg_img_hidden=&#8221;no&#8221; woodmart_parallax=&#8221;0&#8243; woodmart_gradient_switch=&#8221;no&#8221; woodmart_box_shadow=&#8221;no&#8221; wd_z_index=&#8221;no&#8221; woodmart_disable_overflow=&#8221;0&#8243; row_reverse_mobile=&#8221;0&#8243; row_reverse_tablet=&#8221;0&#8243; css=&#8221;.vc_custom_1714391383581{margin-top: -70px !important;}&#8221;][vc_column][\/vc_column][\/vc_row][vc_row][vc_column][vc_empty_space woodmart_hide_large=&#8221;0&#8243; woodmart_hide_medium=&#8221;0&#8243; woodmart_hide_small=&#8221;0&#8243;][vc_column_text css=&#8221;&#8221;<\/p>\n","protected":false},"author":2,"featured_media":0,"parent":0,"menu_order":0,"comment_status":"closed","ping_status":"closed","template":"","meta":{"footnotes":""},"class_list":["post-296","page","type-page","status-publish","hentry"],"_links":{"self":[{"href":"https:\/\/escuelainglesa.es\/delmethodapp\/wp-json\/wp\/v2\/pages\/296","targetHints":{"allow":["GET"]}}],"collection":[{"href":"https:\/\/escuelainglesa.es\/delmethodapp\/wp-json\/wp\/v2\/pages"}],"about":[{"href":"https:\/\/escuelainglesa.es\/delmethodapp\/wp-json\/wp\/v2\/types\/page"}],"author":[{"embeddable":true,"href":"https:\/\/escuelainglesa.es\/delmethodapp\/wp-json\/wp\/v2\/users\/2"}],"replies":[{"embeddable":true,"href":"https:\/\/escuelainglesa.es\/delmethodapp\/wp-json\/wp\/v2\/comments?post=296"}],"version-history":[{"count":6,"href":"https:\/\/escuelainglesa.es\/delmethodapp\/wp-json\/wp\/v2\/pages\/296\/revisions"}],"predecessor-version":[{"id":358,"href":"https:\/\/escuelainglesa.es\/delmethodapp\/wp-json\/wp\/v2\/pages\/296\/revisions\/358"}],"wp:attachment":[{"href":"https:\/\/escuelainglesa.es\/delmethodapp\/wp-json\/wp\/v2\/media?parent=296"}],"curies":[{"name":"wp","href":"https:\/\/api.w.org\/{rel}","templated":true}]}}