{"id":266,"date":"2024-06-12T11:13:02","date_gmt":"2024-06-12T11:13:02","guid":{"rendered":"https:\/\/escuelainglesa.es\/delmethodapp\/?page_id=266"},"modified":"2025-03-24T10:32:10","modified_gmt":"2025-03-24T10:32:10","slug":"base-cientifica-del","status":"publish","type":"page","link":"https:\/\/escuelainglesa.es\/delmethodapp\/base-cientifica-del\/","title":{"rendered":"Base Cient\u00edfica"},"content":{"rendered":"<div class=\"wpb-content-wrapper\"><p>[vc_row full_width=&#8221;stretch_row_content_no_spaces&#8221; woodmart_css_id=&#8221;662f89530f3e7&#8243; responsive_spacing=&#8221;eyJwYXJhbV90eXBlIjoid29vZG1hcnRfcmVzcG9uc2l2ZV9zcGFjaW5nIiwic2VsZWN0b3JfaWQiOiI2NjJmODk1MzBmM2U3Iiwic2hvcnRjb2RlIjoidmNfcm93IiwiZGF0YSI6eyJ0YWJsZXQiOnt9LCJtb2JpbGUiOnt9fX0=&#8221; mobile_bg_img_hidden=&#8221;no&#8221; tablet_bg_img_hidden=&#8221;no&#8221; woodmart_parallax=&#8221;0&#8243; woodmart_gradient_switch=&#8221;no&#8221; woodmart_box_shadow=&#8221;no&#8221; wd_z_index=&#8221;no&#8221; woodmart_disable_overflow=&#8221;0&#8243; row_reverse_mobile=&#8221;0&#8243; row_reverse_tablet=&#8221;0&#8243; css=&#8221;.vc_custom_1714391383581{margin-top: -70px !important;}&#8221;][vc_column][vc_empty_space woodmart_hide_large=&#8221;0&#8243; woodmart_hide_medium=&#8221;0&#8243; woodmart_hide_small=&#8221;0&#8243;][\/vc_column][\/vc_row][vc_row][vc_column][vc_empty_space woodmart_hide_large=&#8221;0&#8243; woodmart_hide_medium=&#8221;0&#8243; woodmart_hide_small=&#8221;0&#8243;]\t\t\t<link rel=\"stylesheet\" id=\"wd-section-title-css\" href=\"https:\/\/escuelainglesa.es\/delmethodapp\/wp-content\/themes\/woodmart\/css\/parts\/el-section-title.min.css?ver=7.3.3\" type=\"text\/css\" media=\"all\" \/> \t\t\t\t\t\t<link rel=\"stylesheet\" id=\"wd-mod-highlighted-text-css\" href=\"https:\/\/escuelainglesa.es\/delmethodapp\/wp-content\/themes\/woodmart\/css\/parts\/mod-highlighted-text.min.css?ver=7.3.3\" type=\"text\/css\" media=\"all\" \/> \t\t\t\n\t\t<div id=\"wd-666981d5b34fb\" class=\"title-wrapper wd-wpb set-mb-s reset-last-child  wd-rs-666981d5b34fb wd-title-color-default wd-title-style-default text-left  wd-underline-colored\">\n\t\t\t\n\t\t\t<div class=\"liner-continer\">\n\t\t\t\t<h4 class=\"woodmart-title-container title  wd-font-weight- wd-fontsize-xxxl\" >Base Cient\u00edfica<\/h4>\n\t\t\t\t\t\t\t<\/div>\n\t\t\t\n\t\t\t\n\t\t\t\n\t\t<\/div>\n\t\t\n\t\t[vc_column_text css=&#8221;&#8221; woodmart_inline=&#8221;no&#8221; text_larger=&#8221;no&#8221;]Estudios sobre c\u00f3mo el cerebro procesa los sonidos y las estructuras del lenguaje informan el desarrollo de m\u00e9todos de ense\u00f1anza en el m\u00e9todo DEL. Este m\u00e9todo aborda espec\u00edficamente las dificultades comunes que enfrentan los estudiantes de ingl\u00e9s, mejorando su comprensi\u00f3n y producci\u00f3n del idioma.<\/p>\n<p>En la aplicaci\u00f3n del m\u00e9todo DEL , se integra la t\u00e9cnica de shadowing como una herramienta clave para mejorar la adquisici\u00f3n del ingl\u00e9s. Esta t\u00e9cnica, que consiste en escuchar y repetir simult\u00e1neamente lo que dice un hablante nativo, ofrece numerosas ventajas que se alinean con los principios neurocient\u00edficos y pedag\u00f3gicos del m\u00e9todo DEL. A continuaci\u00f3n, se explican las ventajas del shadowing dentro del contexto de la aplicaci\u00f3n del m\u00e9todo DEL:[\/vc_column_text][vc_empty_space woodmart_hide_large=&#8221;0&#8243; woodmart_hide_medium=&#8221;0&#8243; woodmart_hide_small=&#8221;0&#8243;][vc_row_inner][vc_column_inner width=&#8221;1\/3&#8243; woodmart_css_id=&#8221;6669828d5ed00&#8243; parallax_scroll=&#8221;no&#8221; woodmart_sticky_column=&#8221;false&#8221; wd_collapsible_content_switcher=&#8221;no&#8221; wd_column_role_offcanvas_desktop=&#8221;no&#8221; wd_column_role_offcanvas_tablet=&#8221;no&#8221; wd_column_role_offcanvas_mobile=&#8221;no&#8221; wd_column_role_content_desktop=&#8221;no&#8221; wd_column_role_content_tablet=&#8221;no&#8221; wd_column_role_content_mobile=&#8221;no&#8221; mobile_bg_img_hidden=&#8221;no&#8221; tablet_bg_img_hidden=&#8221;no&#8221; woodmart_parallax=&#8221;0&#8243; woodmart_box_shadow=&#8221;no&#8221; responsive_spacing=&#8221;eyJwYXJhbV90eXBlIjoid29vZG1hcnRfcmVzcG9uc2l2ZV9zcGFjaW5nIiwic2VsZWN0b3JfaWQiOiI2NjY5ODI4ZDVlZDAwIiwic2hvcnRjb2RlIjoidmNfY29sdW1uX2lubmVyIiwiZGF0YSI6eyJ0YWJsZXQiOnt9LCJtb2JpbGUiOnt9fX0=&#8221; wd_z_index=&#8221;no&#8221;]\t\t\t<link rel=\"stylesheet\" id=\"wd-info-box-css\" href=\"https:\/\/escuelainglesa.es\/delmethodapp\/wp-content\/themes\/woodmart\/css\/parts\/el-info-box.min.css?ver=7.3.3\" type=\"text\/css\" media=\"all\" \/> \t\t\t\t\t\t<link rel=\"stylesheet\" id=\"wd-info-box-style-shadow-and-bg-hover-css\" href=\"https:\/\/escuelainglesa.es\/delmethodapp\/wp-content\/themes\/woodmart\/css\/parts\/el-info-box-style-shadow-and-bg-hover.min.css?ver=7.3.3\" type=\"text\/css\" media=\"all\" \/> \t\t\t\t\t\t<div class=\"info-box-wrapper\">\n\t\t\t\t<div id=\"wd-6669834310e25\" class=\" wd-rs-6669834310e25 wd-info-box wd-wpb text-left box-icon-align-top box-style-shadow color-scheme- wd-bg-none vc_custom_1718190922925\"  >\n\t\t\t\t\t\t\t\t\t\t\t<div class=\"box-icon-wrapper  box-with-text text-size-default box-icon-simple\">\n\t\t\t\t\t\t\t<div class=\"info-box-icon\">\n\n\t\t\t\t\t\t\t\t\t\t\t\t\t\t\t01.\t\t\t\t\t\t\t\n\t\t\t\t\t\t\t<\/div>\n\t\t\t\t\t\t<\/div>\n\t\t\t\t\t\t\t\t\t\t<div class=\"info-box-content\">\n\t\t\t\t\t\t<h2 class=\"info-box-title title box-title-style-default wd-fontsize-m\">Comprensi\u00f3n del cerebro y el aprendizaje de idiomas<\/h2>\t\t\t\t\t\t<div class=\"info-box-inner set-cont-mb-s reset-last-child\"><p>En el m\u00e9todo DEL, el shadowing se utiliza para afinar la precisi\u00f3n fon\u00e9tica de los estudiantes:<\/p>\n<ul>\n<li>Precisi\u00f3n Fon\u00e9tica: Repetiendo exactamente lo que escucha ajusta la pronunciaci\u00f3n a la de los hablantes nativos, mejorando la precisi\u00f3n.<\/li>\n<li>Entonaci\u00f3n y Ritmo: El shadowing ayuda a captar y reproducir la entonaci\u00f3n y el ritmo natural del ingl\u00e9s, aspectos esenciales para una comunicaci\u00f3n fluida y comprensible.<\/li>\n<\/ul>\n<p>\n<\/div>\n\n\t\t\t\t\t\t\t\t\t\t\t<\/div>\n\n\t\t\t\t\t<style><\/style>\t\t\t\t<\/div>\n\t\t\t<\/div>\n\t\t[\/vc_column_inner][vc_column_inner width=&#8221;1\/3&#8243;]\t\t\t<div class=\"info-box-wrapper\">\n\t\t\t\t<div id=\"wd-6669838b2cd88\" class=\" wd-rs-6669838b2cd88 wd-info-box wd-wpb text-left box-icon-align-top box-style-shadow color-scheme- wd-bg-none vc_custom_1718190993153\"  >\n\t\t\t\t\t\t\t\t\t\t\t<div class=\"box-icon-wrapper  box-with-text text-size-default box-icon-simple\">\n\t\t\t\t\t\t\t<div class=\"info-box-icon\">\n\n\t\t\t\t\t\t\t\t\t\t\t\t\t\t\t02.\t\t\t\t\t\t\t\n\t\t\t\t\t\t\t<\/div>\n\t\t\t\t\t\t<\/div>\n\t\t\t\t\t\t\t\t\t\t<div class=\"info-box-content\">\n\t\t\t\t\t\t<h2 class=\"info-box-title title box-title-style-default wd-fontsize-m\">Desarrollo de la Fluidez Verbal<\/h2>\t\t\t\t\t\t<div class=\"info-box-inner set-cont-mb-s reset-last-child\"><p>El m\u00e9todo DEL emplea el shadowing para mejorar la fluidez verbal:<\/p>\n<ul>\n<li>Reducci\u00f3n de Pausas: La pr\u00e1ctica continua con frases<br \/>\ncompletas reduce las pausas y hesitaciones en el habla.<\/li>\n<li>Automatizaci\u00f3n del Habla: La repetici\u00f3n constante de<br \/>\nestructuras y frases facilita una conversaci\u00f3n m\u00e1s<br \/>\nnatural y espont\u00e1nea.<\/li>\n<\/ul>\n<p>\n<\/div>\n\n\t\t\t\t\t\t\t\t\t\t\t<\/div>\n\n\t\t\t\t\t<style><\/style>\t\t\t\t<\/div>\n\t\t\t<\/div>\n\t\t[\/vc_column_inner][vc_column_inner width=&#8221;1\/3&#8243;]\t\t\t<div class=\"info-box-wrapper\">\n\t\t\t\t<div id=\"wd-6669839b8ef84\" class=\" wd-rs-6669839b8ef84 wd-info-box wd-wpb text-left box-icon-align-top box-style-shadow color-scheme- wd-bg-none vc_custom_1718191047224\"  >\n\t\t\t\t\t\t\t\t\t\t\t<div class=\"box-icon-wrapper  box-with-text text-size-default box-icon-simple\">\n\t\t\t\t\t\t\t<div class=\"info-box-icon\">\n\n\t\t\t\t\t\t\t\t\t\t\t\t\t\t\t03.\t\t\t\t\t\t\t\n\t\t\t\t\t\t\t<\/div>\n\t\t\t\t\t\t<\/div>\n\t\t\t\t\t\t\t\t\t\t<div class=\"info-box-content\">\n\t\t\t\t\t\t<h2 class=\"info-box-title title box-title-style-default wd-fontsize-m\">Mejora de la Comprensi\u00f3n Auditiva<\/h2>\t\t\t\t\t\t<div class=\"info-box-inner set-cont-mb-s reset-last-child\"><p>En el contexto del m\u00e9todo DEL, el shadowing es crucial para la comprensi\u00f3n auditiva:<\/p>\n<ul>\n<li>Ajuste al Ritmo Natural: Escuchar y repetir al ritmo de un hablante nativo mejora la capacidad de entender el ingl\u00e9s hablado a velocidad normal.<\/li>\n<li>Detecci\u00f3n de Detalles: La pr\u00e1ctica agudiza la capacidad de captar detalles fon\u00e9ticos y l\u00e9xicos, mejorando la comprensi\u00f3n auditiva.<\/li>\n<\/ul>\n<p>\n<\/div>\n\n\t\t\t\t\t\t\t\t\t\t\t<\/div>\n\n\t\t\t\t\t<style><\/style>\t\t\t\t<\/div>\n\t\t\t<\/div>\n\t\t[\/vc_column_inner][\/vc_row_inner][vc_row_inner][vc_column_inner width=&#8221;1\/3&#8243; woodmart_css_id=&#8221;6669828d5ed00&#8243; parallax_scroll=&#8221;no&#8221; woodmart_sticky_column=&#8221;false&#8221; wd_collapsible_content_switcher=&#8221;no&#8221; wd_column_role_offcanvas_desktop=&#8221;no&#8221; wd_column_role_offcanvas_tablet=&#8221;no&#8221; wd_column_role_offcanvas_mobile=&#8221;no&#8221; wd_column_role_content_desktop=&#8221;no&#8221; wd_column_role_content_tablet=&#8221;no&#8221; wd_column_role_content_mobile=&#8221;no&#8221; mobile_bg_img_hidden=&#8221;no&#8221; tablet_bg_img_hidden=&#8221;no&#8221; woodmart_parallax=&#8221;0&#8243; woodmart_box_shadow=&#8221;no&#8221; responsive_spacing=&#8221;eyJwYXJhbV90eXBlIjoid29vZG1hcnRfcmVzcG9uc2l2ZV9zcGFjaW5nIiwic2VsZWN0b3JfaWQiOiI2NjY5ODI4ZDVlZDAwIiwic2hvcnRjb2RlIjoidmNfY29sdW1uX2lubmVyIiwiZGF0YSI6eyJ0YWJsZXQiOnt9LCJtb2JpbGUiOnt9fX0=&#8221; wd_z_index=&#8221;no&#8221;]\t\t\t<div class=\"info-box-wrapper\">\n\t\t\t\t<div id=\"wd-666986af24e12\" class=\" wd-rs-666986af24e12 wd-info-box wd-wpb text-left box-icon-align-top box-style-shadow color-scheme- wd-bg-none vc_custom_1718191801843\"  >\n\t\t\t\t\t\t\t\t\t\t\t<div class=\"box-icon-wrapper  box-with-text text-size-default box-icon-simple\">\n\t\t\t\t\t\t\t<div class=\"info-box-icon\">\n\n\t\t\t\t\t\t\t\t\t\t\t\t\t\t\t04.\t\t\t\t\t\t\t\n\t\t\t\t\t\t\t<\/div>\n\t\t\t\t\t\t<\/div>\n\t\t\t\t\t\t\t\t\t\t<div class=\"info-box-content\">\n\t\t\t\t\t\t<h2 class=\"info-box-title title box-title-style-default wd-fontsize-m\">Expansi\u00f3n del Vocabulario y Estructuras Gramaticales<\/h2>\t\t\t\t\t\t<div class=\"info-box-inner set-cont-mb-s reset-last-child\"><p>El shadowing en el m\u00e9todo DEL contribuye a la expansi\u00f3n del vocabulario y el dominio gramatical:<\/p>\n<ul>\n<li>Contexto Real: Exponerse a situaciones aut\u00e9nticas facilita la comprensi\u00f3n y uso correcto del vocabulario y las estructuras gramaticales.<\/li>\n<li>Reforzamiento de Aprendizajes Previos: Repetir lo escuchado refuerza el aprendizaje de nuevas palabras y construcciones gramaticales.<\/li>\n<\/ul>\n<p>\n<\/div>\n\n\t\t\t\t\t\t\t\t\t\t\t<\/div>\n\n\t\t\t\t\t<style><\/style>\t\t\t\t<\/div>\n\t\t\t<\/div>\n\t\t[\/vc_column_inner][vc_column_inner width=&#8221;1\/3&#8243;]\t\t\t<div class=\"info-box-wrapper\">\n\t\t\t\t<div id=\"wd-6669845775e4e\" class=\" wd-rs-6669845775e4e wd-info-box wd-wpb text-left box-icon-align-top box-style-shadow color-scheme- wd-bg-none vc_custom_1718191218034\"  >\n\t\t\t\t\t\t\t\t\t\t\t<div class=\"box-icon-wrapper  box-with-text text-size-default box-icon-simple\">\n\t\t\t\t\t\t\t<div class=\"info-box-icon\">\n\n\t\t\t\t\t\t\t\t\t\t\t\t\t\t\t05.\t\t\t\t\t\t\t\n\t\t\t\t\t\t\t<\/div>\n\t\t\t\t\t\t<\/div>\n\t\t\t\t\t\t\t\t\t\t<div class=\"info-box-content\">\n\t\t\t\t\t\t<h2 class=\"info-box-title title box-title-style-default wd-fontsize-m\">Aumento de la Confianza<\/h2>\t\t\t\t\t\t<div class=\"info-box-inner set-cont-mb-s reset-last-child\"><p>El shadowing, aplicado en el m\u00e9todo DEL, incrementa la confianza de los estudiantes:<\/p>\n<ul>\n<li>Pr\u00e1ctica Segura: Se puede practicar individualmente, ofreciendo un entorno seguro para experimentar y mejorar.<\/li>\n<li>Mejora Gradual: La mejora en pronunciaci\u00f3n, fluidez y comprensi\u00f3n auditiva incrementa la confianza para comunicarse en ingl\u00e9s.<\/li>\n<\/ul>\n<p>\n<\/div>\n\n\t\t\t\t\t\t\t\t\t\t\t<\/div>\n\n\t\t\t\t\t<style><\/style>\t\t\t\t<\/div>\n\t\t\t<\/div>\n\t\t[\/vc_column_inner][vc_column_inner width=&#8221;1\/3&#8243;]\t\t\t<div class=\"info-box-wrapper\">\n\t\t\t\t<div id=\"wd-666984b4c31a4\" class=\" wd-rs-666984b4c31a4 wd-info-box wd-wpb text-left box-icon-align-top box-style-shadow color-scheme- wd-bg-none vc_custom_1718191290226\"  >\n\t\t\t\t\t\t\t\t\t\t\t<div class=\"box-icon-wrapper  box-with-text text-size-default box-icon-simple\">\n\t\t\t\t\t\t\t<div class=\"info-box-icon\">\n\n\t\t\t\t\t\t\t\t\t\t\t\t\t\t\t06.\t\t\t\t\t\t\t\n\t\t\t\t\t\t\t<\/div>\n\t\t\t\t\t\t<\/div>\n\t\t\t\t\t\t\t\t\t\t<div class=\"info-box-content\">\n\t\t\t\t\t\t<h2 class=\"info-box-title title box-title-style-default wd-fontsize-m\">Inmersi\u00f3n Ling\u00fc\u00edstica<\/h2>\t\t\t\t\t\t<div class=\"info-box-inner set-cont-mb-s reset-last-child\"><p>El m\u00e9todo DEL utiliza el shadowing para promover la inmersi\u00f3n ling\u00fc\u00edstica:<\/p>\n<ul>\n<li>Exposici\u00f3n Constante: La pr\u00e1ctica de shadowing implica una exposici\u00f3n continua al ingl\u00e9s, crucial para la inmersi\u00f3n y la internalizaci\u00f3n del idioma.<\/li>\n<li>Adaptaci\u00f3n a Diferentes Contextos: Utilizar diversas situaciones ayuda a los estudiantes a adaptarse a diferentes contextos y estilos de habla.<\/li>\n<\/ul>\n<p>\n<\/div>\n\n\t\t\t\t\t\t\t\t\t\t\t<\/div>\n\n\t\t\t\t\t<style><\/style>\t\t\t\t<\/div>\n\t\t\t<\/div>\n\t\t[\/vc_column_inner][\/vc_row_inner][vc_row_inner content_placement=&#8221;middle&#8221; woodmart_css_id=&#8221;6669867825369&#8243; responsive_spacing=&#8221;eyJwYXJhbV90eXBlIjoid29vZG1hcnRfcmVzcG9uc2l2ZV9zcGFjaW5nIiwic2VsZWN0b3JfaWQiOiI2NjY5ODY3ODI1MzY5Iiwic2hvcnRjb2RlIjoidmNfcm93X2lubmVyIiwiZGF0YSI6eyJ0YWJsZXQiOnt9LCJtb2JpbGUiOnt9fX0=&#8221; mobile_bg_img_hidden=&#8221;no&#8221; tablet_bg_img_hidden=&#8221;no&#8221; woodmart_parallax=&#8221;0&#8243; woodmart_gradient_switch=&#8221;no&#8221; woodmart_box_shadow=&#8221;no&#8221; wd_z_index=&#8221;no&#8221; woodmart_disable_overflow=&#8221;0&#8243; row_reverse_mobile=&#8221;0&#8243; row_reverse_tablet=&#8221;0&#8243;][vc_column_inner width=&#8221;1\/3&#8243;]\t\t\t<div class=\"info-box-wrapper\">\n\t\t\t\t<div id=\"wd-666984c19781c\" class=\" wd-rs-666984c19781c wd-info-box wd-wpb text-left box-icon-align-top box-style-shadow color-scheme- wd-bg-none vc_custom_1718191384065\"  >\n\t\t\t\t\t\t\t\t\t\t\t<div class=\"box-icon-wrapper  box-with-text text-size-default box-icon-simple\">\n\t\t\t\t\t\t\t<div class=\"info-box-icon\">\n\n\t\t\t\t\t\t\t\t\t\t\t\t\t\t\t07.\t\t\t\t\t\t\t\n\t\t\t\t\t\t\t<\/div>\n\t\t\t\t\t\t<\/div>\n\t\t\t\t\t\t\t\t\t\t<div class=\"info-box-content\">\n\t\t\t\t\t\t<h2 class=\"info-box-title title box-title-style-default wd-fontsize-m\">Desarrollo de la Memoria Auditiva y Motora<\/h2>\t\t\t\t\t\t<div class=\"info-box-inner set-cont-mb-s reset-last-child\"><p>El shadowing en el m\u00e9todo DEL fortalece la memoria auditiva y motora:<\/p>\n<ul>\n<li>Memoria Auditiva: Repetir lo que se escucha fortalece<br \/>\nla memoria auditiva, facilitando la retenci\u00f3n de palabras y frases.<\/li>\n<li>Memoria Motora: La repetici\u00f3n de movimientos articulatorios espec\u00edficos para los sonidos del ingl\u00e9s mejora la memoria motora, facilitando una pronunciaci\u00f3n m\u00e1s precisa y natural.<\/li>\n<\/ul>\n<p>\n<\/div>\n\n\t\t\t\t\t\t\t\t\t\t\t<\/div>\n\n\t\t\t\t\t<style><\/style>\t\t\t\t<\/div>\n\t\t\t<\/div>\n\t\t[\/vc_column_inner][vc_column_inner width=&#8221;2\/3&#8243; woodmart_css_id=&#8221;6669828d5ed00&#8243; parallax_scroll=&#8221;no&#8221; woodmart_sticky_column=&#8221;false&#8221; wd_collapsible_content_switcher=&#8221;no&#8221; wd_column_role_offcanvas_desktop=&#8221;no&#8221; wd_column_role_offcanvas_tablet=&#8221;no&#8221; wd_column_role_offcanvas_mobile=&#8221;no&#8221; wd_column_role_content_desktop=&#8221;no&#8221; wd_column_role_content_tablet=&#8221;no&#8221; wd_column_role_content_mobile=&#8221;no&#8221; mobile_bg_img_hidden=&#8221;no&#8221; tablet_bg_img_hidden=&#8221;no&#8221; woodmart_parallax=&#8221;0&#8243; woodmart_box_shadow=&#8221;no&#8221; responsive_spacing=&#8221;eyJwYXJhbV90eXBlIjoid29vZG1hcnRfcmVzcG9uc2l2ZV9zcGFjaW5nIiwic2VsZWN0b3JfaWQiOiI2NjY5ODI4ZDVlZDAwIiwic2hvcnRjb2RlIjoidmNfY29sdW1uX2lubmVyIiwiZGF0YSI6eyJ0YWJsZXQiOnt9LCJtb2JpbGUiOnt9fX0=&#8221; wd_z_index=&#8221;no&#8221;]\t\t\t<div class=\"info-box-wrapper\">\n\t\t\t\t<div id=\"wd-6669868ec380b\" class=\" wd-rs-6669868ec380b wd-info-box wd-wpb text-left box-icon-align-left box-style-shadow color-scheme- wd-bg-none wd-items-top vc_custom_1718191773371\"  >\n\t\t\t\t\t\t\t\t\t\t<div class=\"info-box-content\">\n\t\t\t\t\t\t<h2 class=\"info-box-title title box-title-style-default wd-fontsize-m\">La t\u00e9cnica de shadowing<\/h2>\t\t\t\t\t\t<div class=\"info-box-inner set-cont-mb-s reset-last-child\"><p>La t\u00e9cnica de shadowing es una parte integral del m\u00e9todo DEL, proporcionando m\u00faltiples ventajas desde la mejora de la pronunciaci\u00f3n y la fluidez hasta el aumento de la comprensi\u00f3n auditiva y la confianza.<\/p>\n<p>Al incorporar el shadowing en su rutina de estudio, los estudiantes del m\u00e9todo DEL pueden acelerar significativamente su progreso y desarrollar una competencia m\u00e1s integral en el idioma ingl\u00e9s.<\/p>\n<p>Este enfoque, basado en principios neurocient\u00edficos y reforzado por elementos de gamificaci\u00f3n, asegura un aprendizaje efectivo, motivador y adaptado a las necesidades individuales de cada estudiante.<\/p>\n<\/div>\n\n\t\t\t\t\t\t\t\t\t\t\t<\/div>\n\n\t\t\t\t\t<style><\/style>\t\t\t\t<\/div>\n\t\t\t<\/div>\n\t\t[\/vc_column_inner][\/vc_row_inner][\/vc_column][\/vc_row]<\/p>\n<\/div>","protected":false},"excerpt":{"rendered":"<p>[vc_row full_width=&#8221;stretch_row_content_no_spaces&#8221; woodmart_css_id=&#8221;662f89530f3e7&#8243; responsive_spacing=&#8221;eyJwYXJhbV90eXBlIjoid29vZG1hcnRfcmVzcG9uc2l2ZV9zcGFjaW5nIiwic2VsZWN0b3JfaWQiOiI2NjJmODk1MzBmM2U3Iiwic2hvcnRjb2RlIjoidmNfcm93IiwiZGF0YSI6eyJ0YWJsZXQiOnt9LCJtb2JpbGUiOnt9fX0=&#8221; mobile_bg_img_hidden=&#8221;no&#8221; tablet_bg_img_hidden=&#8221;no&#8221; woodmart_parallax=&#8221;0&#8243; woodmart_gradient_switch=&#8221;no&#8221; woodmart_box_shadow=&#8221;no&#8221; wd_z_index=&#8221;no&#8221; woodmart_disable_overflow=&#8221;0&#8243; row_reverse_mobile=&#8221;0&#8243; row_reverse_tablet=&#8221;0&#8243; css=&#8221;.vc_custom_1714391383581{margin-top: -70px !important;}&#8221;][vc_column][vc_empty_space woodmart_hide_large=&#8221;0&#8243; woodmart_hide_medium=&#8221;0&#8243; woodmart_hide_small=&#8221;0&#8243;][\/vc_column][\/vc_row][vc_row][vc_column][vc_empty_space woodmart_hide_large=&#8221;0&#8243;<\/p>\n","protected":false},"author":2,"featured_media":0,"parent":0,"menu_order":0,"comment_status":"closed","ping_status":"closed","template":"","meta":{"footnotes":""},"class_list":["post-266","page","type-page","status-publish","hentry"],"_links":{"self":[{"href":"https:\/\/escuelainglesa.es\/delmethodapp\/wp-json\/wp\/v2\/pages\/266","targetHints":{"allow":["GET"]}}],"collection":[{"href":"https:\/\/escuelainglesa.es\/delmethodapp\/wp-json\/wp\/v2\/pages"}],"about":[{"href":"https:\/\/escuelainglesa.es\/delmethodapp\/wp-json\/wp\/v2\/types\/page"}],"author":[{"embeddable":true,"href":"https:\/\/escuelainglesa.es\/delmethodapp\/wp-json\/wp\/v2\/users\/2"}],"replies":[{"embeddable":true,"href":"https:\/\/escuelainglesa.es\/delmethodapp\/wp-json\/wp\/v2\/comments?post=266"}],"version-history":[{"count":11,"href":"https:\/\/escuelainglesa.es\/delmethodapp\/wp-json\/wp\/v2\/pages\/266\/revisions"}],"predecessor-version":[{"id":356,"href":"https:\/\/escuelainglesa.es\/delmethodapp\/wp-json\/wp\/v2\/pages\/266\/revisions\/356"}],"wp:attachment":[{"href":"https:\/\/escuelainglesa.es\/delmethodapp\/wp-json\/wp\/v2\/media?parent=266"}],"curies":[{"name":"wp","href":"https:\/\/api.w.org\/{rel}","templated":true}]}}