{"id":202,"date":"2024-04-29T12:19:04","date_gmt":"2024-04-29T12:19:04","guid":{"rendered":"https:\/\/escuelainglesa.es\/delmethodapp\/?page_id=202"},"modified":"2025-03-24T10:36:48","modified_gmt":"2025-03-24T10:36:48","slug":"opiniones","status":"publish","type":"page","link":"https:\/\/escuelainglesa.es\/delmethodapp\/opiniones\/","title":{"rendered":"Opiniones"},"content":{"rendered":"<div class=\"wpb-content-wrapper\"><p>[vc_row full_width=&#8221;stretch_row_content_no_spaces&#8221; woodmart_css_id=&#8221;662f89530f3e7&#8243; responsive_spacing=&#8221;eyJwYXJhbV90eXBlIjoid29vZG1hcnRfcmVzcG9uc2l2ZV9zcGFjaW5nIiwic2VsZWN0b3JfaWQiOiI2NjJmODk1MzBmM2U3Iiwic2hvcnRjb2RlIjoidmNfcm93IiwiZGF0YSI6eyJ0YWJsZXQiOnt9LCJtb2JpbGUiOnt9fX0=&#8221; mobile_bg_img_hidden=&#8221;no&#8221; tablet_bg_img_hidden=&#8221;no&#8221; woodmart_parallax=&#8221;0&#8243; woodmart_gradient_switch=&#8221;no&#8221; woodmart_box_shadow=&#8221;no&#8221; wd_z_index=&#8221;no&#8221; woodmart_disable_overflow=&#8221;0&#8243; row_reverse_mobile=&#8221;0&#8243; row_reverse_tablet=&#8221;0&#8243; css=&#8221;.vc_custom_1714391383581{margin-top: -70px !important;}&#8221;][vc_column][\/vc_column][\/vc_row][vc_row][vc_column][vc_empty_space woodmart_hide_large=&#8221;0&#8243; woodmart_hide_medium=&#8221;0&#8243; woodmart_hide_small=&#8221;0&#8243;]\t\t\t<link rel=\"stylesheet\" id=\"wd-section-title-css\" href=\"https:\/\/escuelainglesa.es\/delmethodapp\/wp-content\/themes\/woodmart\/css\/parts\/el-section-title.min.css?ver=7.3.3\" type=\"text\/css\" media=\"all\" \/> \t\t\t\t\t\t<link rel=\"stylesheet\" id=\"wd-mod-highlighted-text-css\" href=\"https:\/\/escuelainglesa.es\/delmethodapp\/wp-content\/themes\/woodmart\/css\/parts\/mod-highlighted-text.min.css?ver=7.3.3\" type=\"text\/css\" media=\"all\" \/> \t\t\t\n\t\t<div id=\"wd-662f90519133a\" class=\"title-wrapper wd-wpb set-mb-s reset-last-child  wd-rs-662f90519133a wd-title-color-default wd-title-style-default text-left  wd-underline-colored\">\n\t\t\t\n\t\t\t<div class=\"liner-continer\">\n\t\t\t\t<h4 class=\"woodmart-title-container title  wd-font-weight- wd-fontsize-xxxl\" >Opiniones DEL Method<\/h4>\n\t\t\t\t\t\t\t<\/div>\n\t\t\t\n\t\t\t\n\t\t\t\n\t\t<\/div>\n\t\t\n\t\t[vc_empty_space woodmart_hide_large=&#8221;0&#8243; woodmart_hide_medium=&#8221;0&#8243; woodmart_hide_small=&#8221;0&#8243;]\t\t\t<link rel=\"stylesheet\" id=\"wd-mod-star-rating-css\" href=\"https:\/\/escuelainglesa.es\/delmethodapp\/wp-content\/themes\/woodmart\/css\/parts\/mod-star-rating.min.css?ver=7.3.3\" type=\"text\/css\" media=\"all\" \/> \t\t\t\t\t\t\n\t\t\t<div id=\"wd-662f910f93f1f\" class=\"testimonials testimonials-wrapper testimonials-grid testimon-style-info-top color-scheme-  testimon-with-rating \" >\n\t\t\t\t<div class=\" row wd-spacing-30\" >\n\t\t\t\t\t\t\t\t<link rel=\"stylesheet\" id=\"wd-testimonial-css\" href=\"https:\/\/escuelainglesa.es\/delmethodapp\/wp-content\/themes\/woodmart\/css\/parts\/el-testimonial.min.css?ver=7.3.3\" type=\"text\/css\" media=\"all\" \/> \t\t\t\n<div class=\"wd-testimon column  col-lg-6 col-md-6 col-12\">\n\t<div class=\"wd-testimon-info\">\n\t\t\t\t\t<div class=\"wd-testimon-thumb\">\n\t\t\t\t<img loading=\"lazy\" decoding=\"async\" width=\"150\" height=\"150\" src=\"https:\/\/escuelainglesa.es\/delmethodapp\/wp-content\/uploads\/2024\/04\/20230401_185213-scaled-e1680543056681-150x150-1.jpg\" class=\"testimonial-avatar-image\" alt=\"\" \/>\t\t\t<\/div>\n\t\t\n\t\t<div class=\"wd-testimon-bio\">\n\t\t\t\t\t\t\t<div class=\"wd-testimon-name title\">\n\t\t\t\t\tAnn Gradolph\t\t\t\t<\/div>\n\t\t\t\n\t\t\t\t\t\t\t<div class=\"wd-testimon-pos\">\n\t\t\t\t\tProfesora de Ingl\u00e9s\t\t\t\t<\/div>\n\t\t\t\n\t\t\t<div class=\"star-rating\">\n\t\t\t\t<span style=\"width:100%\"><\/span>\n\t\t\t<\/div>\n\t\t<\/div>\n\t<\/div>\n\n\t\t\t<div class=\"wd-testimon-text reset-last-child\">\n\t\t\t\u201cEl M\u00e9todo DEL es un m\u00e9todo innovador de aprendizaje de ingl\u00e9s que, sin dejar de lado la gram\u00e1tica, anima a los estudiantes a hablar y utilizar el idioma ingl\u00e9s desde el principio, sin importar su nivel o lengua materna. De hecho, es este enfoque en el lenguaje hablado lo que lo hace \u00fanico, ya que cada ejercicio obliga a los estudiantes a corregir sus respuestas en base a un audio que luego deber\u00e1n repetir en voz alta imitando no solo la pronunciaci\u00f3n de las palabras sino tambi\u00e9n la entonaci\u00f3n de las mismas. las oraciones, un asunto a menudo olvidado en el aprendizaje de EFL. Adem\u00e1s, la pr\u00e1ctica de la expresi\u00f3n oral se ve potenciada por la cooperaci\u00f3n constante entre los alumnos para resolver los ejercicios juntos en clase.<\/p>\n<p>Otro aspecto destacado del m\u00e9todo es que incentiva a los alumnos a comprender el idioma en funci\u00f3n de su uso en lugar de su traducci\u00f3n a sus propios idiomas, excepto para los niveles de principiante. Adem\u00e1s, cada unidad incorpora en el cuaderno actividades similares a las que se pueden encontrar en ex\u00e1menes oficiales de ingl\u00e9s como Cambridge. En consecuencia, todas las unidades comprenden ejercicios de vocabulario, comprensi\u00f3n auditiva, expresi\u00f3n oral, lectura y gram\u00e1tica, lo que convierte al M\u00e9todo DEL en un sistema completo y adecuado para todo tipo de estudiantes de ingl\u00e9s.\u201d\t\t<\/div>\n\t<\/div>\n<div class=\"wd-testimon column  col-lg-6 col-md-6 col-12\">\n\t<div class=\"wd-testimon-info\">\n\t\t\t\t\t<div class=\"wd-testimon-thumb\">\n\t\t\t\t<img loading=\"lazy\" decoding=\"async\" width=\"150\" height=\"150\" src=\"https:\/\/escuelainglesa.es\/delmethodapp\/wp-content\/uploads\/2024\/04\/Max-Maclimans.-English-Teacher-150x150-1.jpg\" class=\"testimonial-avatar-image\" alt=\"\" \/>\t\t\t<\/div>\n\t\t\n\t\t<div class=\"wd-testimon-bio\">\n\t\t\t\t\t\t\t<div class=\"wd-testimon-name title\">\n\t\t\t\t\tMax Maclimans\t\t\t\t<\/div>\n\t\t\t\n\t\t\t\t\t\t\t<div class=\"wd-testimon-pos\">\n\t\t\t\t\tProfesor de Ingl\u00e9s\t\t\t\t<\/div>\n\t\t\t\n\t\t\t<div class=\"star-rating\">\n\t\t\t\t<span style=\"width:100%\"><\/span>\n\t\t\t<\/div>\n\t\t<\/div>\n\t<\/div>\n\n\t\t\t<div class=\"wd-testimon-text reset-last-child\">\n\t\t\t\u201cComo profesor, el m\u00e9todo DEL permite una forma din\u00e1mica y sencilla de ense\u00f1ar ingl\u00e9s. La plataforma en l\u00ednea es excelente tanto para los estudiantes como para los profesores porque permite una experiencia de aprendizaje integrada. Esta es la primera vez que trabajo con el m\u00e9todo DEL y lo encuentro muy efectivo y directo. He notado una mejora significativa en la comprensi\u00f3n y el uso de la lengua meta por parte de mis alumnos, y tambi\u00e9n me permite, como instructora, ser flexible y satisfacer sus necesidades.<br \/>\nCreo que el m\u00e9todo DEL es una forma muy completa y efectiva de adquirir un idioma con una base s\u00f3lida en lectura, escritura, habla y habla. Tambi\u00e9n como hablante nativo de ingl\u00e9s, he aprendido algunas cosas nuevas en el camino.\u201d\t\t<\/div>\n\t<\/div>\t\t\t\t<\/div>\n\t\t\t<\/div>\n\t\t[\/vc_column][\/vc_row]<\/p>\n<\/div>","protected":false},"excerpt":{"rendered":"<p>[vc_row full_width=&#8221;stretch_row_content_no_spaces&#8221; woodmart_css_id=&#8221;662f89530f3e7&#8243; responsive_spacing=&#8221;eyJwYXJhbV90eXBlIjoid29vZG1hcnRfcmVzcG9uc2l2ZV9zcGFjaW5nIiwic2VsZWN0b3JfaWQiOiI2NjJmODk1MzBmM2U3Iiwic2hvcnRjb2RlIjoidmNfcm93IiwiZGF0YSI6eyJ0YWJsZXQiOnt9LCJtb2JpbGUiOnt9fX0=&#8221; mobile_bg_img_hidden=&#8221;no&#8221; tablet_bg_img_hidden=&#8221;no&#8221; woodmart_parallax=&#8221;0&#8243; woodmart_gradient_switch=&#8221;no&#8221; woodmart_box_shadow=&#8221;no&#8221; wd_z_index=&#8221;no&#8221; woodmart_disable_overflow=&#8221;0&#8243; row_reverse_mobile=&#8221;0&#8243; row_reverse_tablet=&#8221;0&#8243; css=&#8221;.vc_custom_1714391383581{margin-top: -70px !important;}&#8221;][vc_column][\/vc_column][\/vc_row][vc_row][vc_column][vc_empty_space woodmart_hide_large=&#8221;0&#8243; woodmart_hide_medium=&#8221;0&#8243; woodmart_hide_small=&#8221;0&#8243;][vc_empty_space woodmart_hide_large=&#8221;0&#8243;<\/p>\n","protected":false},"author":2,"featured_media":0,"parent":0,"menu_order":0,"comment_status":"closed","ping_status":"closed","template":"","meta":{"footnotes":""},"class_list":["post-202","page","type-page","status-publish","hentry"],"_links":{"self":[{"href":"https:\/\/escuelainglesa.es\/delmethodapp\/wp-json\/wp\/v2\/pages\/202","targetHints":{"allow":["GET"]}}],"collection":[{"href":"https:\/\/escuelainglesa.es\/delmethodapp\/wp-json\/wp\/v2\/pages"}],"about":[{"href":"https:\/\/escuelainglesa.es\/delmethodapp\/wp-json\/wp\/v2\/types\/page"}],"author":[{"embeddable":true,"href":"https:\/\/escuelainglesa.es\/delmethodapp\/wp-json\/wp\/v2\/users\/2"}],"replies":[{"embeddable":true,"href":"https:\/\/escuelainglesa.es\/delmethodapp\/wp-json\/wp\/v2\/comments?post=202"}],"version-history":[{"count":6,"href":"https:\/\/escuelainglesa.es\/delmethodapp\/wp-json\/wp\/v2\/pages\/202\/revisions"}],"predecessor-version":[{"id":362,"href":"https:\/\/escuelainglesa.es\/delmethodapp\/wp-json\/wp\/v2\/pages\/202\/revisions\/362"}],"wp:attachment":[{"href":"https:\/\/escuelainglesa.es\/delmethodapp\/wp-json\/wp\/v2\/media?parent=202"}],"curies":[{"name":"wp","href":"https:\/\/api.w.org\/{rel}","templated":true}]}}