{"id":194,"date":"2024-04-29T12:04:06","date_gmt":"2024-04-29T12:04:06","guid":{"rendered":"https:\/\/escuelainglesa.es\/delmethodapp\/?page_id=194"},"modified":"2025-03-24T10:36:23","modified_gmt":"2025-03-24T10:36:23","slug":"2-2","status":"publish","type":"page","link":"https:\/\/escuelainglesa.es\/delmethodapp\/2-2\/","title":{"rendered":"2"},"content":{"rendered":"<div class=\"wpb-content-wrapper\"><p>[vc_row full_width=&#8221;stretch_row_content_no_spaces&#8221; woodmart_css_id=&#8221;662f89530f3e7&#8243; responsive_spacing=&#8221;eyJwYXJhbV90eXBlIjoid29vZG1hcnRfcmVzcG9uc2l2ZV9zcGFjaW5nIiwic2VsZWN0b3JfaWQiOiI2NjJmODk1MzBmM2U3Iiwic2hvcnRjb2RlIjoidmNfcm93IiwiZGF0YSI6eyJ0YWJsZXQiOnt9LCJtb2JpbGUiOnt9fX0=&#8221; mobile_bg_img_hidden=&#8221;no&#8221; tablet_bg_img_hidden=&#8221;no&#8221; woodmart_parallax=&#8221;0&#8243; woodmart_gradient_switch=&#8221;no&#8221; woodmart_box_shadow=&#8221;no&#8221; wd_z_index=&#8221;no&#8221; woodmart_disable_overflow=&#8221;0&#8243; row_reverse_mobile=&#8221;0&#8243; row_reverse_tablet=&#8221;0&#8243; css=&#8221;.vc_custom_1714391383581{margin-top: -70px !important;}&#8221;][vc_column][\/vc_column][\/vc_row][vc_row][vc_column][vc_empty_space woodmart_hide_large=&#8221;0&#8243; woodmart_hide_medium=&#8221;0&#8243; woodmart_hide_small=&#8221;0&#8243;]\t\t\t<link rel=\"stylesheet\" id=\"wd-section-title-css\" href=\"https:\/\/escuelainglesa.es\/delmethodapp\/wp-content\/themes\/woodmart\/css\/parts\/el-section-title.min.css?ver=7.3.3\" type=\"text\/css\" media=\"all\" \/> \t\t\t\t\t\t<link rel=\"stylesheet\" id=\"wd-mod-highlighted-text-css\" href=\"https:\/\/escuelainglesa.es\/delmethodapp\/wp-content\/themes\/woodmart\/css\/parts\/mod-highlighted-text.min.css?ver=7.3.3\" type=\"text\/css\" media=\"all\" \/> \t\t\t\n\t\t<div id=\"wd-662f8bf4aef68\" class=\"title-wrapper wd-wpb set-mb-s reset-last-child  wd-rs-662f8bf4aef68 wd-title-color-default wd-title-style-default text-left  wd-underline-colored\">\n\t\t\t\n\t\t\t<div class=\"liner-continer\">\n\t\t\t\t<h4 class=\"woodmart-title-container title  wd-font-weight- wd-fontsize-xxxl\" >The DEL Method<\/h4>\n\t\t\t\t\t\t\t<\/div>\n\t\t\t\n\t\t\t\n\t\t\t\n\t\t<\/div>\n\t\t\n\t\t[vc_column_text css=&#8221;&#8221; woodmart_inline=&#8221;no&#8221; text_larger=&#8221;no&#8221;]Con el m\u00e9todo DEL pretendemos que el alumno codifique y retenga la lengua inglesa durante un per\u00edodo largo de tiempo y que su aprendizaje del ingl\u00e9s sea almacenado para siempre y pueda utilizarlo de forma cotidiana sin errores y de forma aut\u00f3noma.<\/p>\n<p>El m\u00e9todo DEL adem\u00e1s de ense\u00f1ar ingl\u00e9s propone ser un programa de entrenamiento cerebral que permite al alumno activar y fortalecer su memoria y otras capacidades cognitivas importantes. Los ejercicios mentales planteados han sido creados para estimular patrones espec\u00edficos de activaci\u00f3n neuronal. La cont\u00ednua activaci\u00f3n de dichos patrones cognitivos ayuda a fortalecer las conexiones neuronales que intervienen en la memoria.<\/p>\n<p>Nos hemos centrado en trabajar la\u00a0<strong>memoria sensorial<\/strong>\u00a0( mediante la repetici\u00f3n auditiva constante), la\u00a0<strong>memoria a corto plazo<\/strong>, la\u00a0<strong>memoria de trabajo<\/strong>\u00a0y fundamentalmente la\u00a0<strong>memoria a largo plazo<\/strong>. Los ejercicios planteados trabajan la\u00a0<strong>memoria declarativa<\/strong>, donde el alumno tiene que hacer uso de la informaci\u00f3n almacenada en su cerebro y que debe expresar verbalmente en los ejercicios de conversaci\u00f3n. Para ello las partes implicadas en el cerebro son: el l\u00f3bulo temporal medial, el dienc\u00e9falo y el neoc\u00f3rtex.<\/p>\n<p>El alumno mediante la realizaci\u00f3n de los ejercicios planteados deber\u00e1 trabajar con la\u00a0<strong>memoria sem\u00e1ntica<\/strong>, haciendo uso de la informaci\u00f3n sobre el mundo que le rodea, al utilizar temas de actualidad y relevantes para el mundo actual del alumno, y la\u00a0<strong>memoria epis\u00f3dica<\/strong>, donde tendr\u00e1 que hacer uso de su recuerdo de hechos concretos que ha vivido.<\/p>\n<p>Tambi\u00e9n utilizamos t\u00e9cnicas como el\u00a0<strong>priming\u00a0<\/strong>, mediante la introducci\u00f3n de vocabulario nuevo en el cerebro de nuestros alumnos, tras introducir previamente una presentaci\u00f3n de otras palabras que pertenecen a ese mismo grupo sem\u00e1ntico.[\/vc_column_text][vc_empty_space woodmart_hide_large=&#8221;0&#8243; woodmart_hide_medium=&#8221;0&#8243; woodmart_hide_small=&#8221;0&#8243;][\/vc_column][\/vc_row][vc_row content_placement=&#8221;middle&#8221; woodmart_css_id=&#8221;662f8c51b5d83&#8243; responsive_spacing=&#8221;eyJwYXJhbV90eXBlIjoid29vZG1hcnRfcmVzcG9uc2l2ZV9zcGFjaW5nIiwic2VsZWN0b3JfaWQiOiI2NjJmOGM1MWI1ZDgzIiwic2hvcnRjb2RlIjoidmNfcm93IiwiZGF0YSI6eyJ0YWJsZXQiOnt9LCJtb2JpbGUiOnt9fX0=&#8221; mobile_bg_img_hidden=&#8221;no&#8221; tablet_bg_img_hidden=&#8221;no&#8221; woodmart_parallax=&#8221;0&#8243; woodmart_gradient_switch=&#8221;no&#8221; woodmart_box_shadow=&#8221;no&#8221; wd_z_index=&#8221;no&#8221; woodmart_disable_overflow=&#8221;0&#8243; row_reverse_mobile=&#8221;0&#8243; row_reverse_tablet=&#8221;0&#8243;][vc_column width=&#8221;1\/2&#8243;][vc_video link=&#8221;https:\/\/youtu.be\/6RI9oA4w53U?si=TzFdnoh3qsWt7801&#8243; css=&#8221;&#8221; woodmart_css_id=&#8221;662f8b550ec08&#8243; image_poster_switch=&#8221;no&#8221;][\/vc_column][vc_column width=&#8221;1\/2&#8243;]\t\t\t<link rel=\"stylesheet\" id=\"wd-accordion-css\" href=\"https:\/\/escuelainglesa.es\/delmethodapp\/wp-content\/themes\/woodmart\/css\/parts\/el-accordion.min.css?ver=7.3.3\" type=\"text\/css\" media=\"all\" \/> \t\t\t\n\t\t<div id=\"wd-662f8cdea1c01\" class=\"wd-accordion wd-wpb wd-rs-662f8cdea1c01  wd-style-default\" data-state=\"all_closed\">\n\t\t\t\t\t\t\t\n\t\t\t\t\n\t\t\t\t<div class=\"wd-accordion-item\">\n\t\t\t\t\t<div class=\"wd-accordion-title font-text wd-fontsize-s text-left wd-opener-pos-left wd-font-weight-600\" data-accordion-index=\"0\">\n\t\t\t\t\t\t<div class=\"wd-accordion-title-text\">\n\t\t\t\t\t\t\t\t\t\t\t\t\t\t<span>\n\t\t\t\t\t\t\t\t\u00bfA qui\u00e9n va dirigido el m\u00e9todo DEL?\t\t\t\t\t\t\t<\/span>\n\t\t\t\t\t\t<\/div>\n\t\t\t\t\t\t<span class=\"wd-accordion-opener wd-opener-style-arrow\"><\/span>\n\t\t\t\t\t<\/div>\n\n\t\t\t\t\t<div class=\"wd-accordion-content reset-last-child\" data-accordion-index=\"0\">\n\t\t\t\t\t\t\t\t\t\t\t\t\t<p>Tanto si quieres aprobar con \u00e9xito las distintas certificaciones oficiales de ingl\u00e9s de Cambridge, Trinity u otras instituciones como si quieres aprender a usar el idioma de una manera eficaz y con fluidez en distintas situaciones sociales o profesionales, este m\u00e9todo te permitir\u00e1 conseguirlo.<\/p>\n\t\t\t\t\t\t\t\t\t\t\t<\/div>\n\t\t\t\t<\/div>\n\t\t\t\t\t\t\t\n\t\t\t\t\n\t\t\t\t<div class=\"wd-accordion-item\">\n\t\t\t\t\t<div class=\"wd-accordion-title font-text wd-fontsize-s text-left wd-opener-pos-left wd-font-weight-600\" data-accordion-index=\"1\">\n\t\t\t\t\t\t<div class=\"wd-accordion-title-text\">\n\t\t\t\t\t\t\t\t\t\t\t\t\t\t<span>\n\t\t\t\t\t\t\t\t\u00bfQu\u00e9 diferencias tiene el M\u00e9todo DEL de otros m\u00e9todos?\t\t\t\t\t\t\t<\/span>\n\t\t\t\t\t\t<\/div>\n\t\t\t\t\t\t<span class=\"wd-accordion-opener wd-opener-style-arrow\"><\/span>\n\t\t\t\t\t<\/div>\n\n\t\t\t\t\t<div class=\"wd-accordion-content reset-last-child\" data-accordion-index=\"1\">\n\t\t\t\t\t\t\t\t\t\t\t\t\t<p>Todas las actividades propuestas en cada una de las unidades est\u00e1n basadas en el estudio de las t\u00e9cnicas que el cerebro necesita para adquirir una segunda lengua con facilidad. La neurociencia cognitiva es la base para el desarrollo de las actividades y las estrategias planteadas en el M\u00e9todo DEL.<\/p>\n\t\t\t\t\t\t\t\t\t\t\t<\/div>\n\t\t\t\t<\/div>\n\t\t\t\t\t\t\t\n\t\t\t\t\n\t\t\t\t<div class=\"wd-accordion-item\">\n\t\t\t\t\t<div class=\"wd-accordion-title font-text wd-fontsize-s text-left wd-opener-pos-left wd-font-weight-600\" data-accordion-index=\"2\">\n\t\t\t\t\t\t<div class=\"wd-accordion-title-text\">\n\t\t\t\t\t\t\t\t\t\t\t\t\t\t<span>\n\t\t\t\t\t\t\t\t\u00bfQu\u00e9 base cient\u00edfica se ha utilizado para desarrollar el M\u00e9todo DEL?\t\t\t\t\t\t\t<\/span>\n\t\t\t\t\t\t<\/div>\n\t\t\t\t\t\t<span class=\"wd-accordion-opener wd-opener-style-arrow\"><\/span>\n\t\t\t\t\t<\/div>\n\n\t\t\t\t\t<div class=\"wd-accordion-content reset-last-child\" data-accordion-index=\"2\">\n\t\t\t\t\t\t\t\t\t\t\t\t\t<p>La neuroplasticidad es uno de los aportes m\u00e1s importantes para la ense\u00f1anza de idiomas porque permite entender la flexibilidad en la actividad cerebral que se realiza por la comunicaci\u00f3n entre neuronas ante los est\u00edmulos externos. Los estudios sobre neuroplasticidad llevados a cabo por la autora han permitido la creaci\u00f3n de una serie de ejercicios cognitivos que optimizan tanto el funcionamiento del cerebro como el aprendizaje del ingl\u00e9s como segunda lengua. El M\u00e9todo DEL te ofrece la posibilidad de obtener excelentes resultados en el proceso de aprendizaje del ingl\u00e9s como segunda lengua.<\/p>\n\t\t\t\t\t\t\t\t\t\t\t<\/div>\n\t\t\t\t<\/div>\n\t\t\t\t\t\t\t\n\t\t\t\t\n\t\t\t\t<div class=\"wd-accordion-item\">\n\t\t\t\t\t<div class=\"wd-accordion-title font-text wd-fontsize-s text-left wd-opener-pos-left wd-font-weight-600\" data-accordion-index=\"3\">\n\t\t\t\t\t\t<div class=\"wd-accordion-title-text\">\n\t\t\t\t\t\t\t\t\t\t\t\t\t\t<span>\n\t\t\t\t\t\t\t\t\u00bfPor qu\u00e9 debo elegir este m\u00e9todo en lugar de otros?\t\t\t\t\t\t\t<\/span>\n\t\t\t\t\t\t<\/div>\n\t\t\t\t\t\t<span class=\"wd-accordion-opener wd-opener-style-arrow\"><\/span>\n\t\t\t\t\t<\/div>\n\n\t\t\t\t\t<div class=\"wd-accordion-content reset-last-child\" data-accordion-index=\"3\">\n\t\t\t\t\t\t\t\t\t\t\t\t\t<p>Una de las muchas ventajas que ofrece el M\u00e9todo DEL es la posibilidad de poder escuchar tanto los textos como todos los ejercicios. La gran diferencia existente entre la forma gr\u00e1fica y f\u00f3nica del ingl\u00e9s hace que resulte dif\u00edcil para el estudiante espa\u00f1ol el aprendizaje de la lengua. Por este motivo, el M\u00e9todo DEL acelera el proceso de aprendizaje.<\/p>\n\t\t\t\t\t\t\t\t\t\t\t<\/div>\n\t\t\t\t<\/div>\n\t\t\t\t\t\t\t\n\t\t\t\t\n\t\t\t\t<div class=\"wd-accordion-item\">\n\t\t\t\t\t<div class=\"wd-accordion-title font-text wd-fontsize-s text-left wd-opener-pos-left wd-font-weight-600\" data-accordion-index=\"4\">\n\t\t\t\t\t\t<div class=\"wd-accordion-title-text\">\n\t\t\t\t\t\t\t\t\t\t\t\t\t\t<span>\n\t\t\t\t\t\t\t\t\u00bfCu\u00e1ntos niveles hay para elegir?\t\t\t\t\t\t\t<\/span>\n\t\t\t\t\t\t<\/div>\n\t\t\t\t\t\t<span class=\"wd-accordion-opener wd-opener-style-arrow\"><\/span>\n\t\t\t\t\t<\/div>\n\n\t\t\t\t\t<div class=\"wd-accordion-content reset-last-child\" data-accordion-index=\"4\">\n\t\t\t\t\t\t\t\t\t\t\t\t\t<p>El M\u00e9todo DEL est\u00e1 dividido en cinco niveles: A1, A2, B1, B2, C1 siguiendo el Marco Com\u00fan de Referencia Europeo. Cada nivel tiene un libro de texto y otro de ejercicios.<\/p>\n\t\t\t\t\t\t\t\t\t\t\t<\/div>\n\t\t\t\t<\/div>\n\t\t\t\t\t\t\t\t\t\t\t\t\t\t<\/div>\n\n\t\t[\/vc_column][\/vc_row]<\/p>\n<\/div>","protected":false},"excerpt":{"rendered":"<p>[vc_row full_width=&#8221;stretch_row_content_no_spaces&#8221; woodmart_css_id=&#8221;662f89530f3e7&#8243; responsive_spacing=&#8221;eyJwYXJhbV90eXBlIjoid29vZG1hcnRfcmVzcG9uc2l2ZV9zcGFjaW5nIiwic2VsZWN0b3JfaWQiOiI2NjJmODk1MzBmM2U3Iiwic2hvcnRjb2RlIjoidmNfcm93IiwiZGF0YSI6eyJ0YWJsZXQiOnt9LCJtb2JpbGUiOnt9fX0=&#8221; mobile_bg_img_hidden=&#8221;no&#8221; tablet_bg_img_hidden=&#8221;no&#8221; woodmart_parallax=&#8221;0&#8243; woodmart_gradient_switch=&#8221;no&#8221; woodmart_box_shadow=&#8221;no&#8221; wd_z_index=&#8221;no&#8221; woodmart_disable_overflow=&#8221;0&#8243; row_reverse_mobile=&#8221;0&#8243; row_reverse_tablet=&#8221;0&#8243; css=&#8221;.vc_custom_1714391383581{margin-top: -70px !important;}&#8221;][vc_column][\/vc_column][\/vc_row][vc_row][vc_column][vc_empty_space woodmart_hide_large=&#8221;0&#8243; woodmart_hide_medium=&#8221;0&#8243; woodmart_hide_small=&#8221;0&#8243;][vc_column_text css=&#8221;&#8221;<\/p>\n","protected":false},"author":2,"featured_media":0,"parent":0,"menu_order":0,"comment_status":"closed","ping_status":"closed","template":"","meta":{"footnotes":""},"class_list":["post-194","page","type-page","status-publish","hentry"],"_links":{"self":[{"href":"https:\/\/escuelainglesa.es\/delmethodapp\/wp-json\/wp\/v2\/pages\/194","targetHints":{"allow":["GET"]}}],"collection":[{"href":"https:\/\/escuelainglesa.es\/delmethodapp\/wp-json\/wp\/v2\/pages"}],"about":[{"href":"https:\/\/escuelainglesa.es\/delmethodapp\/wp-json\/wp\/v2\/types\/page"}],"author":[{"embeddable":true,"href":"https:\/\/escuelainglesa.es\/delmethodapp\/wp-json\/wp\/v2\/users\/2"}],"replies":[{"embeddable":true,"href":"https:\/\/escuelainglesa.es\/delmethodapp\/wp-json\/wp\/v2\/comments?post=194"}],"version-history":[{"count":4,"href":"https:\/\/escuelainglesa.es\/delmethodapp\/wp-json\/wp\/v2\/pages\/194\/revisions"}],"predecessor-version":[{"id":361,"href":"https:\/\/escuelainglesa.es\/delmethodapp\/wp-json\/wp\/v2\/pages\/194\/revisions\/361"}],"wp:attachment":[{"href":"https:\/\/escuelainglesa.es\/delmethodapp\/wp-json\/wp\/v2\/media?parent=194"}],"curies":[{"name":"wp","href":"https:\/\/api.w.org\/{rel}","templated":true}]}}